{"id":1341,"date":"2021-05-11T16:46:18","date_gmt":"2021-05-11T19:46:18","guid":{"rendered":"https:\/\/latec.uff.br\/msg\/?page_id=1341"},"modified":"2026-03-13T16:13:12","modified_gmt":"2026-03-13T19:13:12","slug":"detalhes-da-disciplina","status":"publish","type":"page","link":"https:\/\/latec.uff.br\/msg\/detalhes-da-disciplina\/","title":{"rendered":"Detalhes da disciplina &#8211; SIPOS"},"content":{"rendered":"\t\t<div data-elementor-type=\"wp-page\" data-elementor-id=\"1341\" class=\"elementor elementor-1341\">\n\t\t\t\t\t\t\t\t\t<section class=\"elementor-section elementor-top-section elementor-element elementor-element-e72b10e elementor-section-boxed elementor-section-height-default elementor-section-height-default\" data-id=\"e72b10e\" data-element_type=\"section\" data-settings=\"{&quot;background_background&quot;:&quot;slideshow&quot;,&quot;background_slideshow_gallery&quot;:[{&quot;id&quot;:3476,&quot;url&quot;:&quot;https:\\\/\\\/latec.uff.br\\\/msg\\\/wp-content\\\/uploads\\\/2022\\\/04\\\/area_do_aluno.jpg&quot;}],&quot;background_slideshow_loop&quot;:&quot;yes&quot;,&quot;background_slideshow_slide_duration&quot;:5000,&quot;background_slideshow_slide_transition&quot;:&quot;fade&quot;,&quot;background_slideshow_transition_duration&quot;:500}\">\n\t\t\t\t\t\t\t<div class=\"elementor-background-overlay\"><\/div>\n\t\t\t\t\t\t\t<div class=\"elementor-container elementor-column-gap-no\">\n\t\t\t\t\t<div class=\"elementor-column elementor-col-100 elementor-top-column elementor-element elementor-element-d4ec2c2\" data-id=\"d4ec2c2\" data-element_type=\"column\">\n\t\t\t<div class=\"elementor-widget-wrap elementor-element-populated\">\n\t\t\t\t\t\t\t\t<div class=\"elementor-element elementor-element-4da4bef elementor-widget elementor-widget-heading\" data-id=\"4da4bef\" data-element_type=\"widget\" data-widget_type=\"heading.default\">\n\t\t\t\t<div class=\"elementor-widget-container\">\n\t\t\t<style>\/*! elementor - v3.7.8 - 02-10-2022 *\/\n.elementor-heading-title{padding:0;margin:0;line-height:1}.elementor-widget-heading .elementor-heading-title[class*=elementor-size-]>a{color:inherit;font-size:inherit;line-height:inherit}.elementor-widget-heading .elementor-heading-title.elementor-size-small{font-size:15px}.elementor-widget-heading .elementor-heading-title.elementor-size-medium{font-size:19px}.elementor-widget-heading .elementor-heading-title.elementor-size-large{font-size:29px}.elementor-widget-heading .elementor-heading-title.elementor-size-xl{font-size:39px}.elementor-widget-heading .elementor-heading-title.elementor-size-xxl{font-size:59px}<\/style><h1 class=\"elementor-heading-title elementor-size-default\">disciplina<\/h1>\t\t<\/div>\n\t\t\t\t<\/div>\n\t\t\t\t\t<\/div>\n\t\t<\/div>\n\t\t\t\t\t\t\t<\/div>\n\t\t<\/section>\n\t\t\t\t<section class=\"elementor-section elementor-top-section elementor-element elementor-element-41fee64 elementor-section-boxed elementor-section-height-default elementor-section-height-default\" data-id=\"41fee64\" data-element_type=\"section\">\n\t\t\t\t\t\t<div class=\"elementor-container elementor-column-gap-default\">\n\t\t\t\t\t<div class=\"elementor-column elementor-col-100 elementor-top-column elementor-element elementor-element-6245dfe\" data-id=\"6245dfe\" data-element_type=\"column\">\n\t\t\t<div class=\"elementor-widget-wrap elementor-element-populated\">\n\t\t\t\t\t\t\t\t<div class=\"elementor-element elementor-element-0198a9e elementor-widget elementor-widget-shortcode\" data-id=\"0198a9e\" data-element_type=\"widget\" data-widget_type=\"shortcode.default\">\n\t\t\t\t<div class=\"elementor-widget-container\">\n\t\t\t\t\t<div class=\"elementor-shortcode\"><style>tr{background:none!important}td{border-bottom:0!important;}<\/style>\n<div class=\"\" style=\"margin-top:-20px!important\">\n\t\t\t<h3>\n\t\t\t<span style=\"text-transform:uppercase;color: var( --e-global-color-50280fe ); font-family: 'Arial';\"><\/span>\n\t\t<\/h3>\n        <div class=\"barra-h1\"><\/div>\n\t    \n    <div>\n    \t<b>Nome da Disciplina:<\/b>     <\/div>\n    \n    <div><b>Carga Hor\u00e1ria: <\/b><\/div>\n    \n    <div><b>Cr\u00e9ditos: <\/b><\/div>\n    \n    <div><b>Obrigat\u00f3ria: <\/b><\/div>\n\n        \n    \n    \n    <br \/><br \/>\n    \n    <a href=\"index.php\/stricto-sensu\/disciplinas\" class=\"button pesquisar\" style=\"color: #000; margin: 0 auto;float:left;border:1px solid #000;\">VOLTAR<\/a>\n \n       <button type=\"button\" id=\"print_button\" onclick=\"printDisciplina()\" align=\"center\" class=\"btn btn-default button pesquisar\" style=\"float:left;margin-left:20px;border:1px solid #000\">IMPRIMIR<\/button>\n<\/div>\n\n<!--  =====================================================  PRINT ===================================================================== -->\n\n<div id='print_div' class=\"print_div\" style=\"display:none\">\n  \n  <style>\n  @media print {\n\tdiv{font-family:Arial!important;}\n  }\n    \n<\/style>\n\n   \n    \n    <img src=\"logo-geoquimica.png\" style=\"width:300px;\">\n<br><br>    \n    <div class=\"barra-h1\"><\/div>\n\t    \n    <div>\n    \t<b>Nome da Disciplina:<\/b>     <\/div>\n    \n    <div><b>Carga Hor\u00e1ria: <\/b><\/div>\n    \n    <div><b>Cr\u00e9ditos: <\/b><\/div>\n    \n    <div><b>Obrigat\u00f3ria: <\/b><\/div>\n    \n        \n    \n        \n    <br \/><br \/>\n    <!-- end row -->\n<\/div>\n\n<script>\n\n\/*$('#print_button').click(function(){*\/\nfunction printDisciplina(){\n\tvar conteudo = document.getElementById('print_div').innerHTML,\n\ttela_impressao = window.open('SIPOS - Sistema de Informa\u00e7\u00e3o para P\u00f3s-Gradua\u00e7\u00e3o');\n\ttela_impressao.document.write(conteudo);\n\ttela_impressao.window.print();\n\ttela_impressao.window.close();    \n}\n\/*});*\/\n\n        \n\n<\/script>\n\n<!-- end tab -->\n\n<\/div>\n\t\t\t\t<\/div>\n\t\t\t\t<\/div>\n\t\t\t\t\t<\/div>\n\t\t<\/div>\n\t\t\t\t\t\t\t<\/div>\n\t\t<\/section>\n\t\t\t\t\t\t\t<\/div>\n\t\t","protected":false},"excerpt":{"rendered":"<p>disciplina<\/p>\n","protected":false},"author":1,"featured_media":0,"parent":0,"menu_order":0,"comment_status":"closed","ping_status":"closed","template":"","meta":{"om_disable_all_campaigns":false,"_mi_skip_tracking":false,"_monsterinsights_sitenote_active":false,"_monsterinsights_sitenote_note":"","_monsterinsights_sitenote_category":0,"_expiration-date-status":"","_expiration-date":0,"_expiration-date-type":"","_expiration-date-categories":[],"_expiration-date-options":[]},"_links":{"self":[{"href":"https:\/\/latec.uff.br\/msg\/wp-json\/wp\/v2\/pages\/1341"}],"collection":[{"href":"https:\/\/latec.uff.br\/msg\/wp-json\/wp\/v2\/pages"}],"about":[{"href":"https:\/\/latec.uff.br\/msg\/wp-json\/wp\/v2\/types\/page"}],"author":[{"embeddable":true,"href":"https:\/\/latec.uff.br\/msg\/wp-json\/wp\/v2\/users\/1"}],"replies":[{"embeddable":true,"href":"https:\/\/latec.uff.br\/msg\/wp-json\/wp\/v2\/comments?post=1341"}],"version-history":[{"count":27,"href":"https:\/\/latec.uff.br\/msg\/wp-json\/wp\/v2\/pages\/1341\/revisions"}],"predecessor-version":[{"id":5122,"href":"https:\/\/latec.uff.br\/msg\/wp-json\/wp\/v2\/pages\/1341\/revisions\/5122"}],"wp:attachment":[{"href":"https:\/\/latec.uff.br\/msg\/wp-json\/wp\/v2\/media?parent=1341"}],"curies":[{"name":"wp","href":"https:\/\/api.w.org\/{rel}","templated":true}]}}