{"id":1926,"date":"2021-06-22T10:38:21","date_gmt":"2021-06-22T13:38:21","guid":{"rendered":"https:\/\/latec.uff.br\/msg\/?page_id=1926"},"modified":"2026-03-17T16:08:17","modified_gmt":"2026-03-17T19:08:17","slug":"regulamentacoes","status":"publish","type":"page","link":"https:\/\/latec.uff.br\/msg\/regulamentacoes\/","title":{"rendered":"Regulamenta\u00e7\u00f5es"},"content":{"rendered":"\t\t<div data-elementor-type=\"wp-page\" data-elementor-id=\"1926\" class=\"elementor elementor-1926\">\n\t\t\t\t\t\t\t\t\t<section class=\"elementor-section elementor-top-section elementor-element elementor-element-9a0bca0 elementor-section-boxed elementor-section-height-default elementor-section-height-default\" data-id=\"9a0bca0\" data-element_type=\"section\" data-settings=\"{&quot;background_background&quot;:&quot;slideshow&quot;,&quot;background_slideshow_gallery&quot;:[{&quot;id&quot;:3472,&quot;url&quot;:&quot;https:\\\/\\\/latec.uff.br\\\/msg\\\/wp-content\\\/uploads\\\/2022\\\/04\\\/writing-notes-idea-class-7103.jpg&quot;},{&quot;id&quot;:2957,&quot;url&quot;:&quot;https:\\\/\\\/latec.uff.br\\\/msg\\\/wp-content\\\/uploads\\\/2022\\\/04\\\/6_Easy-Resize.com_.jpg&quot;},{&quot;id&quot;:2958,&quot;url&quot;:&quot;https:\\\/\\\/latec.uff.br\\\/msg\\\/wp-content\\\/uploads\\\/2022\\\/04\\\/7_Easy-Resize.com_.jpg&quot;},{&quot;id&quot;:2954,&quot;url&quot;:&quot;https:\\\/\\\/latec.uff.br\\\/msg\\\/wp-content\\\/uploads\\\/2022\\\/04\\\/3_Easy-Resize.com_.jpg&quot;}],&quot;background_slideshow_loop&quot;:&quot;yes&quot;,&quot;background_slideshow_slide_duration&quot;:5000,&quot;background_slideshow_slide_transition&quot;:&quot;fade&quot;,&quot;background_slideshow_transition_duration&quot;:500}\">\n\t\t\t\t\t\t\t<div class=\"elementor-background-overlay\"><\/div>\n\t\t\t\t\t\t\t<div class=\"elementor-container elementor-column-gap-no\">\n\t\t\t\t\t<div class=\"elementor-column elementor-col-100 elementor-top-column elementor-element elementor-element-d2bf7fa\" data-id=\"d2bf7fa\" data-element_type=\"column\">\n\t\t\t<div class=\"elementor-widget-wrap elementor-element-populated\">\n\t\t\t\t\t\t\t\t<div class=\"elementor-element elementor-element-51afd63 elementor-widget elementor-widget-heading\" data-id=\"51afd63\" data-element_type=\"widget\" data-widget_type=\"heading.default\">\n\t\t\t\t<div class=\"elementor-widget-container\">\n\t\t\t<style>\/*! elementor - v3.7.8 - 02-10-2022 *\/\n.elementor-heading-title{padding:0;margin:0;line-height:1}.elementor-widget-heading .elementor-heading-title[class*=elementor-size-]>a{color:inherit;font-size:inherit;line-height:inherit}.elementor-widget-heading .elementor-heading-title.elementor-size-small{font-size:15px}.elementor-widget-heading .elementor-heading-title.elementor-size-medium{font-size:19px}.elementor-widget-heading .elementor-heading-title.elementor-size-large{font-size:29px}.elementor-widget-heading .elementor-heading-title.elementor-size-xl{font-size:39px}.elementor-widget-heading .elementor-heading-title.elementor-size-xxl{font-size:59px}<\/style><h1 class=\"elementor-heading-title elementor-size-default\">Regulamenta\u00e7\u00f5es<\/h1>\t\t<\/div>\n\t\t\t\t<\/div>\n\t\t\t\t\t<\/div>\n\t\t<\/div>\n\t\t\t\t\t\t\t<\/div>\n\t\t<\/section>\n\t\t\t\t<section class=\"elementor-section elementor-top-section elementor-element elementor-element-645e359 elementor-section-full_width elementor-section-height-default elementor-section-height-default\" data-id=\"645e359\" data-element_type=\"section\">\n\t\t\t\t\t\t<div class=\"elementor-container elementor-column-gap-no\">\n\t\t\t\t\t<div class=\"elementor-column elementor-col-100 elementor-top-column elementor-element elementor-element-211a817\" data-id=\"211a817\" data-element_type=\"column\">\n\t\t\t<div class=\"elementor-widget-wrap elementor-element-populated\">\n\t\t\t\t\t\t\t\t<section class=\"elementor-section elementor-inner-section elementor-element elementor-element-d38f592 elementor-section-full_width elementor-section-height-default elementor-section-height-default\" data-id=\"d38f592\" data-element_type=\"section\" data-settings=\"{&quot;background_background&quot;:&quot;classic&quot;}\">\n\t\t\t\t\t\t<div class=\"elementor-container elementor-column-gap-no\">\n\t\t\t\t\t<div class=\"elementor-column elementor-col-100 elementor-inner-column elementor-element elementor-element-72b7f30\" data-id=\"72b7f30\" data-element_type=\"column\" data-settings=\"{&quot;background_background&quot;:&quot;classic&quot;}\">\n\t\t\t<div class=\"elementor-widget-wrap elementor-element-populated\">\n\t\t\t\t\t\t\t\t<div class=\"elementor-element elementor-element-c39af2c elementor-widget elementor-widget-text-editor\" data-id=\"c39af2c\" data-element_type=\"widget\" data-widget_type=\"text-editor.default\">\n\t\t\t\t<div class=\"elementor-widget-container\">\n\t\t\t<style>\/*! elementor - v3.7.8 - 02-10-2022 *\/\n.elementor-widget-text-editor.elementor-drop-cap-view-stacked .elementor-drop-cap{background-color:#818a91;color:#fff}.elementor-widget-text-editor.elementor-drop-cap-view-framed .elementor-drop-cap{color:#818a91;border:3px solid;background-color:transparent}.elementor-widget-text-editor:not(.elementor-drop-cap-view-default) .elementor-drop-cap{margin-top:8px}.elementor-widget-text-editor:not(.elementor-drop-cap-view-default) .elementor-drop-cap-letter{width:1em;height:1em}.elementor-widget-text-editor .elementor-drop-cap{float:left;text-align:center;line-height:1;font-size:50px}.elementor-widget-text-editor .elementor-drop-cap-letter{display:inline-block}<\/style>\t\t\t\t\t\t\t\t\t\t<\/div>\n\t\t\t\t<\/div>\n\t\t\t\t\t<\/div>\n\t\t<\/div>\n\t\t\t\t\t\t\t<\/div>\n\t\t<\/section>\n\t\t\t\t\t<\/div>\n\t\t<\/div>\n\t\t\t\t\t\t\t<\/div>\n\t\t<\/section>\n\t\t\t\t<section class=\"elementor-section elementor-top-section elementor-element elementor-element-5d62010 elementor-section-boxed elementor-section-height-default elementor-section-height-default\" data-id=\"5d62010\" data-element_type=\"section\">\n\t\t\t\t\t\t<div class=\"elementor-container elementor-column-gap-no\">\n\t\t\t\t\t<div class=\"elementor-column elementor-col-100 elementor-top-column elementor-element elementor-element-3e0b6ed\" data-id=\"3e0b6ed\" data-element_type=\"column\">\n\t\t\t<div class=\"elementor-widget-wrap elementor-element-populated\">\n\t\t\t\t\t\t\t\t<section class=\"elementor-section elementor-inner-section elementor-element elementor-element-3dc183f elementor-section-boxed elementor-section-height-default elementor-section-height-default\" data-id=\"3dc183f\" data-element_type=\"section\">\n\t\t\t\t\t\t<div class=\"elementor-container elementor-column-gap-default\">\n\t\t\t\t\t<div class=\"elementor-column elementor-col-100 elementor-inner-column elementor-element elementor-element-1123968\" data-id=\"1123968\" data-element_type=\"column\">\n\t\t\t<div class=\"elementor-widget-wrap elementor-element-populated\">\n\t\t\t\t\t\t\t\t<div class=\"elementor-element elementor-element-9855035 elementor-widget elementor-widget-html\" data-id=\"9855035\" data-element_type=\"widget\" data-widget_type=\"html.default\">\n\t\t\t\t<div class=\"elementor-widget-container\">\n\t\t\t<Style>\n    #documentos a{\n        color:#29186B!important;\n    }\n     #documentos a:hover{\n         text-decoration: underline\n     }\n    \n<\/Style>\t\t<\/div>\n\t\t\t\t<\/div>\n\t\t\t\t<div class=\"elementor-element elementor-element-a0d3214 elementor-widget elementor-widget-text-editor\" data-id=\"a0d3214\" data-element_type=\"widget\" id=\"documentos\" data-widget_type=\"text-editor.default\">\n\t\t\t\t<div class=\"elementor-widget-container\">\n\t\t\t\t\t\t\t<p><span style=\"color: #84c529;\"><strong>1. REGULAMENTA\u00c7\u00d5ES<\/strong><\/span><\/p><ul><li><a href=\"https:\/\/latec.uff.br\/msg\/wp-content\/uploads\/2023\/10\/Resolucao-CEPEx-394-de-15-de-setembro-de-2021-Alteracao-Regulamento-dos-PPG-Stricto-Sensu-003519.pdf\" target=\"_blank\" rel=\"noopener\">Regulamento para os Programas de P\u00f3s-Gradua\u00e7\u00e3o Stricto Sensu da Universidade Federal Fluminense<\/a><\/li><li><a href=\"https:\/\/drive.google.com\/file\/d\/1wTazv4yzfB0WHAZUrk1IyEA2wAkqdfJc\/view?usp=sharing\" target=\"_blank\" rel=\"noopener\">Regimento Interno do Curso de Mestrado Profissional em Sistemas de Gest\u00e3o<\/a><\/li><li><a href=\"https:\/\/latec.uff.br\/msg\/wp-content\/uploads\/2025\/03\/Resolucao_04_2003_Credenciamento-e-Recredenciamento-de-Docentes.pdf\">Crit\u00e9rios para o credenciamento Docente no Mestrado Profissional em Gest\u00e3o<\/a><\/li><\/ul><p><span style=\"color: #84c529;\"><strong>2. RESOLU\u00c7\u00d5ES DO CURSO<\/strong><\/span><\/p><ul><li><a href=\"https:\/\/drive.google.com\/file\/d\/1--7T_RA6ej2m7z4JCKAGe78zbOcX4_RH\/view?usp=sharing\" target=\"_blank\" rel=\"noopener\">Resolu\u00e7\u00e3o n\u00ba 01\/2003 &#8211; Produ\u00e7\u00e3o acad\u00eamica discente<\/a><\/li><li><a href=\"https:\/\/drive.google.com\/file\/d\/18ryB_gvDoQcjES4dCy2YYzEJZNRYApQL\/view?usp=sharing\" target=\"_blank\" rel=\"noopener\">Resolu\u00e7\u00e3o n\u00ba 03\/2003 &#8211; Regras para obten\u00e7\u00e3o do t\u00edtulo de Mestre<\/a><\/li><li><a href=\"https:\/\/drive.google.com\/file\/d\/1GsfbfB4l7NYH4tXLSVLMxn0hBZhHBgLS\/view?usp=sharing\" target=\"_blank\" rel=\"noopener\">Resolu\u00e7\u00e3o n\u00ba 12\/2019 &#8211; Composi\u00e7\u00e3o das Bancas para Defesa Final<\/a><\/li><li><a href=\"https:\/\/drive.google.com\/file\/d\/1EupnUKYNn1SYtloEGp34LbaOHe7lYtsj\/view?usp=sharing\" target=\"_blank\" rel=\"noopener\">Resolu\u00e7\u00e3o n\u00ba 14\/2024 &#8211; Conhecimento em l\u00edngua estrangeira<\/a><\/li><li><a href=\"https:\/\/drive.google.com\/file\/d\/15ZWRNIImB_-bZCN9rtC7I8qyV5rAYkWZ\/view?usp=sharing\">Resolu\u00e7\u00e3o n\u00ba 15\/2023 &#8211; Desligamento\/Cancelamento de matr\u00edcula<\/a><\/li><\/ul><p><span style=\"color: #84c529;\"><strong>3. ORIENTA\u00c7\u00d5ES PARA ACESSO AO PORTAL DE PERI\u00d3DICOS CAPES e NORMAS ABNT DE REFERENCIA\u00c7\u00d5ES BIBLIOGR\u00c1FICAS<\/strong><\/span><\/p><ul><li><a href=\"https:\/\/latec.uff.br\/msg\/wp-content\/uploads\/2022\/11\/passo_a_passo_para_acesso_ao_portal_de_periodicos_capes.pdf\">Passo a Passo para acesso ao Portal de Perio\u0301dicos CAPES<\/a><\/li><\/ul><p>Orienta\u00e7\u00f5es para acesso as normas ABNT de Referencia\u00e7\u00e3o Bibliogr\u00e1fica<\/p><p class=\"rteindent1\">1. Entre no site:\u00a0<a href=\"https:\/\/catalogobibliotecas.uff.br\/?rep=target_gedweb\">https:\/\/app.uff.br\/pergamum\/catalogo\/biblioteca\/index.php<\/a><br \/>2. Digite o n\u00famero da norma e clique em buscar<\/p><p class=\"rteindent1\">3. Fa\u00e7a login com seu CPF e senha da biblioteca da UFF. (Para acessar desta forma \u00e9 preciso antes fazer o cadastro na BEE Biblioteca da Escola de Engenharia e do Instituto de Computa\u00e7\u00e3o. Para isso, envie email para: <a href=\"mailto:bee.sdc@id.uff.br\">bee.sdc@id.uff.br<\/a> com sua matricula e informe se tratar de aluno do Mestrado em Sistemas de Gest\u00e3o)<br \/>4. Abra e visualize a norma pesquisada na aba \u201cPesquisa Target GEDWeb\u201d<\/p><p><span style=\"color: #84c529;\"><strong>4. ORIENTA\u00c7\u00d5ES PARA ENVIO DE PROJETO AO COMIT\u00ca DE \u00c9TICA <\/strong><\/span>&#8211;\u00a0 <a href=\"https:\/\/drive.google.com\/file\/d\/10V3CyUUujuLssm2TI2BijFQ0ZYNuz7hh\/view?usp=sharing\" target=\"_blank\" rel=\"noopener\">(clique aqui)<\/a><\/p><p><span style=\"color: #84c529;\"><strong>5. EXAME DE QUALIFICA\u00c7\u00c3O<\/strong><\/span><\/p><ul><li><a href=\"https:\/\/drive.google.com\/file\/d\/18TRypY2QMlFZRJ9ci1fHf2xBzmVvQQ3g\/view?usp=sharing\" target=\"_blank\" rel=\"noopener\">Orienta\u00e7\u00f5es para o Exame de Qualifica\u00e7\u00e3o<\/a><\/li><li><a href=\"https:\/\/latec.uff.br\/msg\/wp-content\/uploads\/2022\/11\/folha_de_rosto_qualificacao_05_1_2021_0.doc\">Folha de Rosto para o Exame de Qualifica\u00e7\u00e3o<\/a><\/li><li><a href=\"https:\/\/docs.google.com\/document\/d\/1RERlFXhX_42-qU1w6teDmin_6YQD1c_f\/edit?usp=sharing&amp;ouid=109103479126246838681&amp;rtpof=true&amp;sd=true\" target=\"_blank\" rel=\"noopener\">Anexo I &#8211; Formul\u00e1rio de Agendamento<\/a><\/li><li><a href=\"https:\/\/latec.uff.br\/msg\/wp-content\/uploads\/2022\/11\/termo_de_responsabilidade_a_ii.doc\">Anexo II &#8211; Termo de Responsabilidade por Pl\u00e1gio<\/a><\/li><\/ul><p><strong style=\"color: #84c529; font-size: 16px;\">6. DEFESA FINAL DA DISSERTA\u00c7\u00c3O<\/strong><\/p><ul><li><a href=\"https:\/\/latec.uff.br\/msg\/wp-content\/uploads\/2022\/11\/folha_de_rosto_defesa_final_05_1_2021.doc\">Folha de Rosto para a Defesa Final<\/a><\/li><li><a href=\"https:\/\/docs.google.com\/document\/d\/1fSr7wmMqPSBw1lyY6hiwsyTRW4O1Qt-z\/edit?usp=sharing&amp;ouid=100371913094803440504&amp;rtpof=true&amp;sd=true\" target=\"_blank\" rel=\"noopener\">Formul\u00e1rio de Agendamento e Orienta\u00e7\u00f5es<\/a><\/li><li><a href=\"https:\/\/latec.uff.br\/msg\/wp-content\/uploads\/2022\/11\/formulario_do_parecer_profissional_especialista_0.docx\">Formula\u0301rio do Parecer Profissional Especialista<\/a><\/li><li><a href=\"https:\/\/latec.uff.br\/msg\/wp-content\/uploads\/2022\/11\/termo_de_responsabilidade_2.doc\">Termo de Responsabilidade<\/a><\/li><li><a href=\"https:\/\/latec.uff.br\/msg\/wp-content\/uploads\/2022\/11\/modelo_declaracao_de_aplicabilidade.docx\">Modelo Declara\u00e7\u00e3o de Aplicabilidade<\/a><\/li><li><a href=\"https:\/\/latec.uff.br\/msg\/wp-content\/uploads\/2022\/11\/msg_uff_-_modelo_de_relatorio_de_pesquisa_em_branco_1.docx\" target=\"_blank\" rel=\"noopener\">Relat\u00f3rio de Pesquisa e Produ\u00e7\u00e3o T\u00e9cnica<\/a><\/li><li class=\"rteindent1\"><a href=\"https:\/\/latec.uff.br\/msg\/wp-content\/uploads\/2022\/11\/msg-marcus_rosario-relatorio_pesquisa-completo-r01-compactado_0-1.pdf\" target=\"_blank\" rel=\"noopener\">Relat\u00f3rio de Pesquisa e Produ\u00e7\u00e3o T\u00e9cnica (<em>exemplo preenchido<\/em>)<\/a><\/li><li><a href=\"https:\/\/docs.google.com\/document\/d\/15DCxTSWvEHa5lZVObA1v0czKa1zpqGBJ\/edit?usp=sharing&amp;ouid=100371913094803440504&amp;rtpof=true&amp;sd=true\" target=\"_blank\" rel=\"noopener\">Padr\u00e3o para Disserta\u00e7\u00e3o MSG\/UFF <em>(exemplo)<\/em><\/a><\/li><li><a href=\"https:\/\/docs.google.com\/presentation\/d\/1L3QeOHmtc_khP2iLRg8lPaNjURaZp4zK\/edit?usp=sharing&amp;ouid=109103479126246838681&amp;rtpof=true&amp;sd=true\" target=\"_blank\" rel=\"noopener\">Padr\u00e3o para Defesa da Disserta\u00e7\u00e3o e Exame de Qualifica\u00e7\u00e3o <em>(exemplo)<\/em><\/a><\/li><\/ul><p><span style=\"color: #84c529;\"><strong>7. ORIENTA\u00c7\u00c3O PARA SOLICITAR O DIPLOMA &#8211; <a href=\"https:\/\/drive.google.com\/file\/d\/1F7A7prNoM2DgNl0pCfjulDBlHWxU-99h\/view?usp=sharing\" target=\"_blank\" rel=\"noopener\">clique aqui<\/a><\/strong><\/span><\/p><p><span style=\"color: #84c529;\"><strong>8. COMISS\u00d5ES\u00a0<\/strong><\/span><\/p><ul><li><a href=\"https:\/\/latec.uff.br\/msg\/wp-content\/uploads\/2025\/03\/DTS-03_2023-para-Comissao-de-Auto-Avaliacao-MSG.pdf\">Comiss\u00e3o de Autoavalia\u00e7\u00e3o \u00a0e Planejamento Estrat\u00e9gico do Mestrado Profissional em Sistemas de Gest\u00e3o<\/a><\/li><\/ul><p><span style=\"color: #84c529;\"><strong>9. GUIA DO MESTRANDO &#8211; ORIENTA\u00c7\u00d5ES GERAIS PARA OS ALUNOS DO MSG\/UFF &#8211; <a href=\"https:\/\/drive.google.com\/file\/d\/1_-yaQD5snCPpnK8XD8PRsmZxgPxliR6C\/view?usp=sharing\" target=\"_blank\" rel=\"noopener\">clique aqui<\/a><\/strong><\/span><\/p><div><div class=\"gmail_default\">\u00a0<\/div><\/div>\t\t\t\t\t\t<\/div>\n\t\t\t\t<\/div>\n\t\t\t\t\t<\/div>\n\t\t<\/div>\n\t\t\t\t\t\t\t<\/div>\n\t\t<\/section>\n\t\t\t\t\t<\/div>\n\t\t<\/div>\n\t\t\t\t\t\t\t<\/div>\n\t\t<\/section>\n\t\t\t\t\t\t\t<\/div>\n\t\t","protected":false},"excerpt":{"rendered":"<p>Regulamenta\u00e7\u00f5es 1. REGULAMENTA\u00c7\u00d5ES Regulamento para os Programas de P\u00f3s-Gradua\u00e7\u00e3o Stricto Sensu da Universidade Federal Fluminense Regimento Interno do Curso de Mestrado Profissional em Sistemas de Gest\u00e3o Crit\u00e9rios para o credenciamento Docente no Mestrado Profissional em Gest\u00e3o 2. RESOLU\u00c7\u00d5ES DO CURSO Resolu\u00e7\u00e3o n\u00ba 01\/2003 &#8211; Produ\u00e7\u00e3o acad\u00eamica discente Resolu\u00e7\u00e3o n\u00ba 03\/2003 &#8211; Regras para obten\u00e7\u00e3o do &hellip;<\/p>\n<p class=\"read-more\"> <a class=\"\" href=\"https:\/\/latec.uff.br\/msg\/regulamentacoes\/\"> <span class=\"screen-reader-text\">Regulamenta\u00e7\u00f5es<\/span> Leia mais &raquo;<\/a><\/p>\n","protected":false},"author":1,"featured_media":0,"parent":0,"menu_order":0,"comment_status":"closed","ping_status":"closed","template":"","meta":{"om_disable_all_campaigns":false,"_mi_skip_tracking":false,"_monsterinsights_sitenote_active":false,"_monsterinsights_sitenote_note":"","_monsterinsights_sitenote_category":0,"_expiration-date-status":"","_expiration-date":0,"_expiration-date-type":"","_expiration-date-categories":[],"_expiration-date-options":[]},"_links":{"self":[{"href":"https:\/\/latec.uff.br\/msg\/wp-json\/wp\/v2\/pages\/1926"}],"collection":[{"href":"https:\/\/latec.uff.br\/msg\/wp-json\/wp\/v2\/pages"}],"about":[{"href":"https:\/\/latec.uff.br\/msg\/wp-json\/wp\/v2\/types\/page"}],"author":[{"embeddable":true,"href":"https:\/\/latec.uff.br\/msg\/wp-json\/wp\/v2\/users\/1"}],"replies":[{"embeddable":true,"href":"https:\/\/latec.uff.br\/msg\/wp-json\/wp\/v2\/comments?post=1926"}],"version-history":[{"count":278,"href":"https:\/\/latec.uff.br\/msg\/wp-json\/wp\/v2\/pages\/1926\/revisions"}],"predecessor-version":[{"id":5162,"href":"https:\/\/latec.uff.br\/msg\/wp-json\/wp\/v2\/pages\/1926\/revisions\/5162"}],"wp:attachment":[{"href":"https:\/\/latec.uff.br\/msg\/wp-json\/wp\/v2\/media?parent=1926"}],"curies":[{"name":"wp","href":"https:\/\/api.w.org\/{rel}","templated":true}]}}