{"id":3572,"date":"2022-09-28T11:54:35","date_gmt":"2022-09-28T14:54:35","guid":{"rendered":"https:\/\/latec.uff.br\/msg\/?page_id=3572"},"modified":"2026-03-13T16:57:05","modified_gmt":"2026-03-13T19:57:05","slug":"lista-de-defesas-previstas-sipos","status":"publish","type":"page","link":"https:\/\/latec.uff.br\/msg\/lista-de-defesas-previstas-sipos\/","title":{"rendered":"Lista de Defesas Previstas &#8211; SIPOS"},"content":{"rendered":"\t\t<div data-elementor-type=\"wp-page\" data-elementor-id=\"3572\" class=\"elementor elementor-3572\">\n\t\t\t\t\t\t\t\t\t<section class=\"elementor-section elementor-top-section elementor-element elementor-element-d279dca elementor-section-boxed elementor-section-height-default elementor-section-height-default\" data-id=\"d279dca\" data-element_type=\"section\" data-settings=\"{&quot;background_background&quot;:&quot;slideshow&quot;,&quot;background_slideshow_gallery&quot;:[{&quot;id&quot;:2955,&quot;url&quot;:&quot;https:\\\/\\\/latec.uff.br\\\/msg\\\/wp-content\\\/uploads\\\/2022\\\/04\\\/4_Easy-Resize.com_.jpg&quot;},{&quot;id&quot;:2958,&quot;url&quot;:&quot;https:\\\/\\\/latec.uff.br\\\/msg\\\/wp-content\\\/uploads\\\/2022\\\/04\\\/7_Easy-Resize.com_.jpg&quot;},{&quot;id&quot;:2954,&quot;url&quot;:&quot;https:\\\/\\\/latec.uff.br\\\/msg\\\/wp-content\\\/uploads\\\/2022\\\/04\\\/3_Easy-Resize.com_.jpg&quot;},{&quot;id&quot;:2957,&quot;url&quot;:&quot;https:\\\/\\\/latec.uff.br\\\/msg\\\/wp-content\\\/uploads\\\/2022\\\/04\\\/6_Easy-Resize.com_.jpg&quot;}],&quot;background_slideshow_loop&quot;:&quot;yes&quot;,&quot;background_slideshow_slide_duration&quot;:5000,&quot;background_slideshow_slide_transition&quot;:&quot;fade&quot;,&quot;background_slideshow_transition_duration&quot;:500}\">\n\t\t\t\t\t\t\t<div class=\"elementor-background-overlay\"><\/div>\n\t\t\t\t\t\t\t<div class=\"elementor-container elementor-column-gap-no\">\n\t\t\t\t\t<div class=\"elementor-column elementor-col-100 elementor-top-column elementor-element elementor-element-cade1ea\" data-id=\"cade1ea\" data-element_type=\"column\">\n\t\t\t<div class=\"elementor-widget-wrap elementor-element-populated\">\n\t\t\t\t\t\t\t\t<div class=\"elementor-element elementor-element-f52939d elementor-widget elementor-widget-heading\" data-id=\"f52939d\" data-element_type=\"widget\" data-widget_type=\"heading.default\">\n\t\t\t\t<div class=\"elementor-widget-container\">\n\t\t\t<style>\/*! elementor - v3.7.8 - 02-10-2022 *\/\n.elementor-heading-title{padding:0;margin:0;line-height:1}.elementor-widget-heading .elementor-heading-title[class*=elementor-size-]>a{color:inherit;font-size:inherit;line-height:inherit}.elementor-widget-heading .elementor-heading-title.elementor-size-small{font-size:15px}.elementor-widget-heading .elementor-heading-title.elementor-size-medium{font-size:19px}.elementor-widget-heading .elementor-heading-title.elementor-size-large{font-size:29px}.elementor-widget-heading .elementor-heading-title.elementor-size-xl{font-size:39px}.elementor-widget-heading .elementor-heading-title.elementor-size-xxl{font-size:59px}<\/style><h1 class=\"elementor-heading-title elementor-size-default\">Defesas previstas<\/h1>\t\t<\/div>\n\t\t\t\t<\/div>\n\t\t\t\t\t<\/div>\n\t\t<\/div>\n\t\t\t\t\t\t\t<\/div>\n\t\t<\/section>\n\t\t\t\t<section class=\"elementor-section elementor-top-section elementor-element elementor-element-4be90d6 elementor-section-full_width elementor-section-height-default elementor-section-height-default\" data-id=\"4be90d6\" data-element_type=\"section\">\n\t\t\t\t\t\t<div class=\"elementor-container elementor-column-gap-no\">\n\t\t\t\t\t<div class=\"elementor-column elementor-col-100 elementor-top-column elementor-element elementor-element-40a04a0\" data-id=\"40a04a0\" data-element_type=\"column\">\n\t\t\t<div class=\"elementor-widget-wrap elementor-element-populated\">\n\t\t\t\t\t\t\t\t<section class=\"elementor-section elementor-inner-section elementor-element elementor-element-639fd0d elementor-section-full_width elementor-section-height-default elementor-section-height-default\" data-id=\"639fd0d\" data-element_type=\"section\" data-settings=\"{&quot;background_background&quot;:&quot;classic&quot;}\">\n\t\t\t\t\t\t<div class=\"elementor-container elementor-column-gap-no\">\n\t\t\t\t\t<div class=\"elementor-column elementor-col-100 elementor-inner-column elementor-element elementor-element-f3ce4ba\" data-id=\"f3ce4ba\" data-element_type=\"column\" data-settings=\"{&quot;background_background&quot;:&quot;classic&quot;}\">\n\t\t\t<div class=\"elementor-widget-wrap elementor-element-populated\">\n\t\t\t\t\t\t\t\t<div class=\"elementor-element elementor-element-6fa7d1f elementor-widget elementor-widget-text-editor\" data-id=\"6fa7d1f\" data-element_type=\"widget\" data-widget_type=\"text-editor.default\">\n\t\t\t\t<div class=\"elementor-widget-container\">\n\t\t\t<style>\/*! elementor - v3.7.8 - 02-10-2022 *\/\n.elementor-widget-text-editor.elementor-drop-cap-view-stacked .elementor-drop-cap{background-color:#818a91;color:#fff}.elementor-widget-text-editor.elementor-drop-cap-view-framed .elementor-drop-cap{color:#818a91;border:3px solid;background-color:transparent}.elementor-widget-text-editor:not(.elementor-drop-cap-view-default) .elementor-drop-cap{margin-top:8px}.elementor-widget-text-editor:not(.elementor-drop-cap-view-default) .elementor-drop-cap-letter{width:1em;height:1em}.elementor-widget-text-editor .elementor-drop-cap{float:left;text-align:center;line-height:1;font-size:50px}.elementor-widget-text-editor .elementor-drop-cap-letter{display:inline-block}<\/style>\t\t\t\t\t\t\t\t\t\t<\/div>\n\t\t\t\t<\/div>\n\t\t\t\t\t<\/div>\n\t\t<\/div>\n\t\t\t\t\t\t\t<\/div>\n\t\t<\/section>\n\t\t\t\t\t<\/div>\n\t\t<\/div>\n\t\t\t\t\t\t\t<\/div>\n\t\t<\/section>\n\t\t\t\t<section class=\"elementor-section elementor-top-section elementor-element elementor-element-5d62010 elementor-section-boxed elementor-section-height-default elementor-section-height-default\" data-id=\"5d62010\" data-element_type=\"section\">\n\t\t\t\t\t\t<div class=\"elementor-container elementor-column-gap-no\">\n\t\t\t\t\t<div class=\"elementor-column elementor-col-100 elementor-top-column elementor-element elementor-element-3e0b6ed\" data-id=\"3e0b6ed\" data-element_type=\"column\">\n\t\t\t<div class=\"elementor-widget-wrap elementor-element-populated\">\n\t\t\t\t\t\t\t\t<div class=\"elementor-element elementor-element-43bbca9 elementor-widget elementor-widget-shortcode\" data-id=\"43bbca9\" data-element_type=\"widget\" data-widget_type=\"shortcode.default\">\n\t\t\t\t<div class=\"elementor-widget-container\">\n\t\t\t\t\t<div class=\"elementor-shortcode\"><style>tr{background:none!important}td{border-bottom:0!important;}<\/style>\n<div class=\"contact\" style=\"margin-top:-20px!important\">\n\t\t\t\n        <div class=\"barra-h1\"><\/div>\n\n    <div style=\"border-bottom: 1px solid #ccc;padding-bottom:20px;padding-top:20px;\">\n        <p style=\"margin-bottom: 0px;\"><span style=\"font-size: 12px;color:#777;\">T\u00cdTULO:<\/span><br><strong>PROPOSTA DE MODELO DE GEST\u00c3O DE PROCESSOS APLICADO \u00c0 ADMINISTRA\u00c7\u00c3O DE ENSINO, FUNDAMENTADO NOS PRINC\u00cdPIOS DO BPM (BUSINESS PROCESS MANAGEMENT) E NAS FERRAMENTAS DE QUALIDADE<\/strong><\/p>\n        <p style=\"margin-bottom: 0px;\"><span style=\"font-size: 12px;color:#777;\">TIPO:<\/span><br><strong>Disserta\u00e7\u00e3o de Mestrado<\/strong><\/p>\n        <p style=\"margin-bottom: 0px;\"><span style=\"font-size: 12px;color:#777;\">DISCENTE:<\/span><br><strong>Rodrigo dos Santos Teixeira<\/strong><\/p>\n        <p style=\"margin-bottom: 0px;\"><span style=\"font-size: 12px;color:#777;\">DATA:<\/span><br><strong>08\/05\/2026 - 14:00h<\/strong><\/p>\n        <p style=\"margin-bottom: 0px;\"><span style=\"font-size: 12px;color:#777;\">LOCAL:<\/span><br><strong>Remoto<\/strong><\/p>\n\t\t\t\t        <p style=\"margin-bottom: 0px;\"><span style=\"color:#777;font-size:12px;\">BANCA EXAMINADORA:<\/span> <br \/>\n        \t<strong>- Dr. CRIST\u00f3V\u00e3O ARARIPE MARINHO\/IEN <\/strong><br><strong>- D.Sc. MARCELO CONTENTE ARESE\/ <\/strong><br><strong>- Professora Dr.\u00aa MIRIAN PICININI M\u00e9XAS\/UFF <\/strong><br><strong>- D.Sc. SERGIO LUIZ BRAGA FRAN\u00e7A\/  - Orientador(a)<\/strong><br>            <\/p>\n    <\/div>\n    <\/div>\n\n<\/div>\n\t\t\t\t<\/div>\n\t\t\t\t<\/div>\n\t\t\t\t\t<\/div>\n\t\t<\/div>\n\t\t\t\t\t\t\t<\/div>\n\t\t<\/section>\n\t\t\t\t\t\t\t<\/div>\n\t\t","protected":false},"excerpt":{"rendered":"<p>Defesas previstas<\/p>\n","protected":false},"author":1,"featured_media":0,"parent":0,"menu_order":0,"comment_status":"closed","ping_status":"closed","template":"","meta":{"om_disable_all_campaigns":false,"_mi_skip_tracking":false,"_monsterinsights_sitenote_active":false,"_monsterinsights_sitenote_note":"","_monsterinsights_sitenote_category":0,"_expiration-date-status":"","_expiration-date":0,"_expiration-date-type":"","_expiration-date-categories":[],"_expiration-date-options":[]},"_links":{"self":[{"href":"https:\/\/latec.uff.br\/msg\/wp-json\/wp\/v2\/pages\/3572"}],"collection":[{"href":"https:\/\/latec.uff.br\/msg\/wp-json\/wp\/v2\/pages"}],"about":[{"href":"https:\/\/latec.uff.br\/msg\/wp-json\/wp\/v2\/types\/page"}],"author":[{"embeddable":true,"href":"https:\/\/latec.uff.br\/msg\/wp-json\/wp\/v2\/users\/1"}],"replies":[{"embeddable":true,"href":"https:\/\/latec.uff.br\/msg\/wp-json\/wp\/v2\/comments?post=3572"}],"version-history":[{"count":13,"href":"https:\/\/latec.uff.br\/msg\/wp-json\/wp\/v2\/pages\/3572\/revisions"}],"predecessor-version":[{"id":5147,"href":"https:\/\/latec.uff.br\/msg\/wp-json\/wp\/v2\/pages\/3572\/revisions\/5147"}],"wp:attachment":[{"href":"https:\/\/latec.uff.br\/msg\/wp-json\/wp\/v2\/media?parent=3572"}],"curies":[{"name":"wp","href":"https:\/\/api.w.org\/{rel}","templated":true}]}}