{"id":3767,"date":"2022-11-16T15:38:24","date_gmt":"2022-11-16T18:38:24","guid":{"rendered":"https:\/\/latec.uff.br\/msg\/?page_id=3767"},"modified":"2022-11-16T15:42:46","modified_gmt":"2022-11-16T18:42:46","slug":"organizacoes-financiadoras","status":"publish","type":"page","link":"https:\/\/latec.uff.br\/msg\/organizacoes-financiadoras\/","title":{"rendered":"Organiza\u00e7\u00f5es Financiadoras"},"content":{"rendered":"\t\t<div data-elementor-type=\"wp-page\" data-elementor-id=\"3767\" class=\"elementor elementor-3767\">\n\t\t\t\t\t\t\t\t\t<section class=\"elementor-section elementor-top-section elementor-element elementor-element-090a7d4 elementor-section-boxed elementor-section-height-default elementor-section-height-default\" data-id=\"090a7d4\" data-element_type=\"section\" data-settings=\"{&quot;background_background&quot;:&quot;slideshow&quot;,&quot;background_slideshow_gallery&quot;:[{&quot;id&quot;:2956,&quot;url&quot;:&quot;https:\\\/\\\/latec.uff.br\\\/msg\\\/wp-content\\\/uploads\\\/2022\\\/04\\\/5_Easy-Resize.com_.jpg&quot;}],&quot;background_slideshow_loop&quot;:&quot;yes&quot;,&quot;background_slideshow_slide_duration&quot;:5000,&quot;background_slideshow_slide_transition&quot;:&quot;fade&quot;,&quot;background_slideshow_transition_duration&quot;:500}\">\n\t\t\t\t\t\t\t<div class=\"elementor-background-overlay\"><\/div>\n\t\t\t\t\t\t\t<div class=\"elementor-container elementor-column-gap-no\">\n\t\t\t\t\t<div class=\"elementor-column elementor-col-100 elementor-top-column elementor-element elementor-element-d990d6b\" data-id=\"d990d6b\" data-element_type=\"column\">\n\t\t\t<div class=\"elementor-widget-wrap elementor-element-populated\">\n\t\t\t\t\t\t\t\t<div class=\"elementor-element elementor-element-32a0b9c elementor-widget elementor-widget-heading\" data-id=\"32a0b9c\" data-element_type=\"widget\" data-widget_type=\"heading.default\">\n\t\t\t\t<div class=\"elementor-widget-container\">\n\t\t\t<style>\/*! elementor - v3.7.8 - 02-10-2022 *\/\n.elementor-heading-title{padding:0;margin:0;line-height:1}.elementor-widget-heading .elementor-heading-title[class*=elementor-size-]>a{color:inherit;font-size:inherit;line-height:inherit}.elementor-widget-heading .elementor-heading-title.elementor-size-small{font-size:15px}.elementor-widget-heading .elementor-heading-title.elementor-size-medium{font-size:19px}.elementor-widget-heading .elementor-heading-title.elementor-size-large{font-size:29px}.elementor-widget-heading .elementor-heading-title.elementor-size-xl{font-size:39px}.elementor-widget-heading .elementor-heading-title.elementor-size-xxl{font-size:59px}<\/style><h1 class=\"elementor-heading-title elementor-size-default\">Organiza\u00e7\u00f5es Financiadoras<\/h1>\t\t<\/div>\n\t\t\t\t<\/div>\n\t\t\t\t\t<\/div>\n\t\t<\/div>\n\t\t\t\t\t\t\t<\/div>\n\t\t<\/section>\n\t\t\t\t<section class=\"elementor-section elementor-top-section elementor-element elementor-element-e2b8e37 elementor-section-full_width elementor-section-height-default elementor-section-height-default\" data-id=\"e2b8e37\" data-element_type=\"section\">\n\t\t\t\t\t\t<div class=\"elementor-container elementor-column-gap-no\">\n\t\t\t\t\t<div class=\"elementor-column elementor-col-100 elementor-top-column elementor-element elementor-element-537ed13\" data-id=\"537ed13\" data-element_type=\"column\">\n\t\t\t<div class=\"elementor-widget-wrap elementor-element-populated\">\n\t\t\t\t\t\t\t\t<section class=\"elementor-section elementor-inner-section elementor-element elementor-element-f980f29 elementor-section-full_width elementor-section-height-default elementor-section-height-default\" data-id=\"f980f29\" data-element_type=\"section\" data-settings=\"{&quot;background_background&quot;:&quot;classic&quot;}\">\n\t\t\t\t\t\t<div class=\"elementor-container elementor-column-gap-no\">\n\t\t\t\t\t<div class=\"elementor-column elementor-col-100 elementor-inner-column elementor-element elementor-element-98e3a46\" data-id=\"98e3a46\" data-element_type=\"column\" data-settings=\"{&quot;background_background&quot;:&quot;classic&quot;}\">\n\t\t\t<div class=\"elementor-widget-wrap elementor-element-populated\">\n\t\t\t\t\t\t\t\t<div class=\"elementor-element elementor-element-21ca808 elementor-widget elementor-widget-text-editor\" data-id=\"21ca808\" data-element_type=\"widget\" data-widget_type=\"text-editor.default\">\n\t\t\t\t<div class=\"elementor-widget-container\">\n\t\t\t<style>\/*! elementor - v3.7.8 - 02-10-2022 *\/\n.elementor-widget-text-editor.elementor-drop-cap-view-stacked .elementor-drop-cap{background-color:#818a91;color:#fff}.elementor-widget-text-editor.elementor-drop-cap-view-framed .elementor-drop-cap{color:#818a91;border:3px solid;background-color:transparent}.elementor-widget-text-editor:not(.elementor-drop-cap-view-default) .elementor-drop-cap{margin-top:8px}.elementor-widget-text-editor:not(.elementor-drop-cap-view-default) .elementor-drop-cap-letter{width:1em;height:1em}.elementor-widget-text-editor .elementor-drop-cap{float:left;text-align:center;line-height:1;font-size:50px}.elementor-widget-text-editor .elementor-drop-cap-letter{display:inline-block}<\/style>\t\t\t\t\t\t\t\t\t\t<\/div>\n\t\t\t\t<\/div>\n\t\t\t\t\t<\/div>\n\t\t<\/div>\n\t\t\t\t\t\t\t<\/div>\n\t\t<\/section>\n\t\t\t\t\t<\/div>\n\t\t<\/div>\n\t\t\t\t\t\t\t<\/div>\n\t\t<\/section>\n\t\t\t\t<section class=\"elementor-section elementor-top-section elementor-element elementor-element-6a95f39 elementor-section-boxed elementor-section-height-default elementor-section-height-default\" data-id=\"6a95f39\" data-element_type=\"section\">\n\t\t\t\t\t\t<div class=\"elementor-container elementor-column-gap-default\">\n\t\t\t\t\t<div class=\"elementor-column elementor-col-50 elementor-top-column elementor-element elementor-element-c46714f\" data-id=\"c46714f\" data-element_type=\"column\">\n\t\t\t<div class=\"elementor-widget-wrap elementor-element-populated\">\n\t\t\t\t\t\t\t\t<section class=\"elementor-section elementor-inner-section elementor-element elementor-element-3dc183f elementor-section-boxed elementor-section-height-default elementor-section-height-default\" data-id=\"3dc183f\" data-element_type=\"section\">\n\t\t\t\t\t\t<div class=\"elementor-container elementor-column-gap-default\">\n\t\t\t\t\t<div class=\"elementor-column elementor-col-100 elementor-inner-column elementor-element elementor-element-ddc5915\" data-id=\"ddc5915\" data-element_type=\"column\" data-settings=\"{&quot;background_background&quot;:&quot;classic&quot;}\">\n\t\t\t<div class=\"elementor-widget-wrap elementor-element-populated\">\n\t\t\t\t\t\t\t\t<div class=\"elementor-element elementor-element-43980ff elementor-widget elementor-widget-text-editor\" data-id=\"43980ff\" data-element_type=\"widget\" data-widget_type=\"text-editor.default\">\n\t\t\t\t<div class=\"elementor-widget-container\">\n\t\t\t\t\t\t\t<p>Relacionam-se, a seguir, algumas das organiza\u00e7\u00f5es parceiras e financiadoras de pesquisas cient\u00edficas no \u00e2mbito do MSG \/ UFF. Estas, e outras organiza\u00e7\u00f5es, investiram recursos financeiros com o prop\u00f3sito de capacitar seus recursos humanos com novas compet\u00eancias e habilidades gerenciais, no \u00e2mbito de suas atividades produtivas.<\/p>\t\t\t\t\t\t<\/div>\n\t\t\t\t<\/div>\n\t\t\t\t\t<\/div>\n\t\t<\/div>\n\t\t\t\t\t\t\t<\/div>\n\t\t<\/section>\n\t\t\t\t\t<\/div>\n\t\t<\/div>\n\t\t\t\t<div class=\"elementor-column elementor-col-50 elementor-top-column elementor-element elementor-element-9685552\" data-id=\"9685552\" data-element_type=\"column\">\n\t\t\t<div class=\"elementor-widget-wrap elementor-element-populated\">\n\t\t\t\t\t\t\t\t<div class=\"elementor-element elementor-element-f031efe elementor-widget elementor-widget-text-editor\" data-id=\"f031efe\" data-element_type=\"widget\" data-widget_type=\"text-editor.default\">\n\t\t\t\t<div class=\"elementor-widget-container\">\n\t\t\t\t\t\t\t<ul><li style=\"font-weight: 400;\">Financiadores de Estudos e Projetos (FINEP)<\/li><li style=\"font-weight: 400;\">Instituto Nacional de Metrologia, Qualidade e Tecnologia (INMETRO)<\/li><li style=\"font-weight: 400;\">Petr\u00f3leo Brasileira S.A (PETROBRAS)<\/li><li style=\"font-weight: 400;\">Comiss\u00e3o Nacional de Energia Nuclear (CNEN)<\/li><li style=\"font-weight: 400;\">Banco do Brasil<\/li><li style=\"font-weight: 400;\">Centro Federal de Educa\u00e7\u00e3o Tecnol\u00f3gica Celso Suckow da Fonseca (CEFET-RJ)<\/li><li style=\"font-weight: 400;\">Col\u00e9gio Pedro II<\/li><li style=\"font-weight: 400;\">Tribunal de Justi\u00e7a do Estado do Rio de Janeiro (TJRJ)<\/li><li style=\"font-weight: 400;\">Instituto Jardim Bot\u00e2nico do Rio de Janeiro<\/li><li style=\"font-weight: 400;\">Casa da Moeda do Brasil<\/li><li style=\"font-weight: 400;\">Federa\u00e7\u00e3o das Ind\u00fastrias do Estado do Rio de Janeiro (FIRJAN)<\/li><li style=\"font-weight: 400;\">Tribunal de Contas (TCE RJ)<\/li><li style=\"font-weight: 400;\">Tribunal Regional Eleitoral (TRE CE)<\/li><li style=\"font-weight: 400;\">Caixa Econ\u00f4mica Federal (CEF)<\/li><li style=\"font-weight: 400;\">Servi\u00e7o Social do Com\u00e9rcio (SESC) e<\/li><li style=\"font-weight: 400;\">Diversas empresas pertencentes ao setor privado.<\/li><\/ul>\t\t\t\t\t\t<\/div>\n\t\t\t\t<\/div>\n\t\t\t\t\t<\/div>\n\t\t<\/div>\n\t\t\t\t\t\t\t<\/div>\n\t\t<\/section>\n\t\t\t\t\t\t\t<\/div>\n\t\t","protected":false},"excerpt":{"rendered":"<p>Organiza\u00e7\u00f5es Financiadoras Relacionam-se, a seguir, algumas das organiza\u00e7\u00f5es parceiras e financiadoras de pesquisas cient\u00edficas no \u00e2mbito do MSG \/ UFF. Estas, e outras organiza\u00e7\u00f5es, investiram recursos financeiros com o prop\u00f3sito de capacitar seus recursos humanos com novas compet\u00eancias e habilidades gerenciais, no \u00e2mbito de suas atividades produtivas. Financiadores de Estudos e Projetos (FINEP) Instituto Nacional &hellip;<\/p>\n<p class=\"read-more\"> <a class=\"\" href=\"https:\/\/latec.uff.br\/msg\/organizacoes-financiadoras\/\"> <span class=\"screen-reader-text\">Organiza\u00e7\u00f5es Financiadoras<\/span> Leia mais &raquo;<\/a><\/p>\n","protected":false},"author":1,"featured_media":0,"parent":0,"menu_order":0,"comment_status":"closed","ping_status":"closed","template":"","meta":{"om_disable_all_campaigns":false,"_mi_skip_tracking":false,"_monsterinsights_sitenote_active":false,"_monsterinsights_sitenote_note":"","_monsterinsights_sitenote_category":0,"_expiration-date-status":"","_expiration-date":0,"_expiration-date-type":"","_expiration-date-categories":[],"_expiration-date-options":[]},"_links":{"self":[{"href":"https:\/\/latec.uff.br\/msg\/wp-json\/wp\/v2\/pages\/3767"}],"collection":[{"href":"https:\/\/latec.uff.br\/msg\/wp-json\/wp\/v2\/pages"}],"about":[{"href":"https:\/\/latec.uff.br\/msg\/wp-json\/wp\/v2\/types\/page"}],"author":[{"embeddable":true,"href":"https:\/\/latec.uff.br\/msg\/wp-json\/wp\/v2\/users\/1"}],"replies":[{"embeddable":true,"href":"https:\/\/latec.uff.br\/msg\/wp-json\/wp\/v2\/comments?post=3767"}],"version-history":[{"count":4,"href":"https:\/\/latec.uff.br\/msg\/wp-json\/wp\/v2\/pages\/3767\/revisions"}],"predecessor-version":[{"id":3771,"href":"https:\/\/latec.uff.br\/msg\/wp-json\/wp\/v2\/pages\/3767\/revisions\/3771"}],"wp:attachment":[{"href":"https:\/\/latec.uff.br\/msg\/wp-json\/wp\/v2\/media?parent=3767"}],"curies":[{"name":"wp","href":"https:\/\/api.w.org\/{rel}","templated":true}]}}